{"id":1319,"date":"2018-05-25T18:19:07","date_gmt":"2018-05-25T16:19:07","guid":{"rendered":"http:\/\/gospelchor-bischofszell.ch\/wordpress\/?page_id=1319"},"modified":"2022-05-30T13:35:47","modified_gmt":"2022-05-30T11:35:47","slug":"datenschutzerklaerung","status":"publish","type":"page","link":"https:\/\/gospelchor-bischofszell.ch\/wordpress\/ueber-uns\/datenschutzerklaerung\/","title":{"rendered":"Datenschutzerkl\u00e4rung"},"content":{"rendered":"<h2>Wer wir sind<\/h2>\n<p>Die Adresse unserer Website ist: https:\/\/gospelchor-bischofszell.ch\/wordpress.<\/p>\n<h2>Welche personenbezogenen Daten wir sammeln und warum wir sie sammeln<\/h2>\n<p>Unser CMS (&#8220;Wordpress&#8221;) sammelt keine personenbezogenen Daten \u00fcber Benutzer und sammelt nur die Daten, die im Profil eines registrierten Benutzers angezeigt werden<\/p>\n<h2>Kommentare<\/h2>\n<p>Wenn Besucher Kommentare auf der Website schreiben, sammeln wir die Daten, die im Kommentar-Formular angezeigt werden, au\u00dferdem die IP-Adresse des Besuchers und den User-Agent-String (damit wird der Browser identifiziert), um die Erkennung von Spam zu unterst\u00fctzen.<\/p>\n<p>Aus deiner E-Mail-Adresse kann eine anonymisierte Zeichenfolge erstellt (auch Hash genannt) und dem Gravatar-Dienst \u00fcbergeben werden, um zu pr\u00fcfen, ob du diesen benutzt. Die Datenschutzerkl\u00e4rung des Gravatar-Dienstes findest du hier: https:\/\/automattic.com\/privacy\/. Nachdem dein Kommentar freigegeben wurde, ist dein Profilbild \u00f6ffentlich im Kontext deines Kommentars sichtbar.<\/p>\n<h2>Medien<\/h2>\n<p>Wenn du ein registrierter Benutzer bist und Fotos auf diese Website l\u00e4dst, solltest du vermeiden, Fotos mit einem EXIF-GPS-Standort hochzuladen. Besucher dieser Website k\u00f6nnten Fotos, die auf dieser Website gespeichert sind, herunterladen und deren Standort-Informationen extrahieren.<\/p>\n<h2>Kontaktformulare<\/h2>\n<p>Wenn du einen Kommentar auf unserer Website schreibst, kann das eine Einwilligung sein, dass Name, E-Mail-Adresse und Website gespeichert werden.<\/p>\n<h2>Cookies<\/h2>\n<p>Wenn du einen Kommentar auf unserer Website schreibst, kann das eine Einwilligung sein, deinen Namen, E-Mail-Adresse und Website in Cookies zu speichern. Dies ist eine Komfortfunktion, damit du nicht, wenn du einen weiteren Kommentar schreibst, all diese Daten erneut eingeben musst. Diese Cookies werden ein Jahr lang gespeichert.<\/p>\n<p>Falls du ein Konto hast und dich auf dieser Website anmeldest, werden wir ein tempor\u00e4res Cookie setzen, um festzustellen, ob dein Browser Cookies akzeptiert. Dieses Cookie enth\u00e4lt keine personenbezogenen Daten und wird verworfen, wenn du deinen Browser schlie\u00dft.<\/p>\n<p>Wenn du dich anmeldest, werden wir einige Cookies einrichten, um deine Anmeldeinformationen und Anzeigeoptionen zu speichern. Anmelde-Cookies verfallen nach zwei Tagen und Cookies f\u00fcr die Anzeigeoptionen nach einem Jahr. Falls du bei der Anmeldung \u201eAngemeldet bleiben\u201c ausw\u00e4hlst, wird deine Anmeldung zwei Wochen lang aufrechterhalten. Mit der Abmeldung aus deinem Konto werden die Anmelde-Cookies gel\u00f6scht.<\/p>\n<p>Wenn du einen Artikel bearbeitest oder ver\u00f6ffentlichst, wird ein zus\u00e4tzlicher Cookie in deinem Browser gespeichert. Dieser Cookie enth\u00e4lt keine personenbezogenen Daten und verweist nur auf die Beitrags-ID des Artikels, den du gerade bearbeitet hast. Der Cookie verf\u00e4llt nach einem Tag.<\/p>\n<h2>Eingebettete Inhalte von anderen Websites<\/h2>\n<p>Beitr\u00e4ge auf dieser Website k\u00f6nnen eingebettete Inhalte beinhalten (z.&nbsp;B. Videos, Bilder, Beitr\u00e4ge etc.). Eingebettete Inhalte von anderen Websites verhalten sich exakt so, als ob der Besucher die andere Website besucht h\u00e4tte.<\/p>\n<p>Diese Websites k\u00f6nnen Daten \u00fcber dich sammeln, Cookies benutzen, zus\u00e4tzliche Tracking-Dienste von Dritten einbetten und deine Interaktion mit diesem eingebetteten Inhalt aufzeichnen, inklusive deiner Interaktion mit dem eingebetteten Inhalt, falls du ein Konto hast und auf dieser Website angemeldet bist.<\/p>\n<h2>Analysedienste<\/h2>\n<div class=\"wpb_column vc_column_container vc_col-sm-12\">\n<div class=\"vc_column-inner\">\n<div class=\"wpb_wrapper\">\n<div class=\"wpb_text_column wpb_content_element\">\n<div class=\"wpb_wrapper\">\n<div class=\"page\" title=\"Page 1\">\n<div class=\"layoutArea\">\n<div class=\"column\">\n<p>Diese Website verwendet Google Analytics, einen Web-Analysedienst der Google, Inc. (\u201cGoogle\u201d). Google Analytics verwendet \u201cCookies\u201d, bei denen es sich um Textdateien handelt, die auf Ihrem Computer gespeichert werden und die Website in der Analyse des Benutzerverhaltens unterst\u00fctzen. Diese Informationen, die der Cookie zu Ihrem Nutzungsverhalten der Website anlegt (einschliesslich Ihrer IP-Adresse) werden auf die Server von Google in den Vereinigten Staaten \u00fcbertragen und dort gespeichert. F\u00fcr den Fall, dass die IP-Anonymisierung aktiviert ist, trennt Google f\u00fcr die Mitgliedstaaten der Europ\u00e4ischen Union und die anderen Vertragsstaaten des Abkommens \u00fcber den Europ\u00e4ischen Wirtschaftsraum das letzte Oktett der IP-Adresse ab oder anonymisiert es. Die vollst\u00e4ndige IP-Adresse wird nur in Ausnahmef\u00e4llen an die Google Server in den USA gesandt und von diesen verk\u00fcrzt. Google verwendet diese Informationen im Auftrag des Website-Betreibers zur Beurteilung Ihrer Nutzung der Website, zur Erstellung von Berichten zu den Aktivit\u00e4ten auf der Website und Erbringung weiterer Leistungen im Zusammenhang mit den Aktivit\u00e4ten auf der Website und der Nutzung des Internets f\u00fcr den Betreiber der Website. Google wird Ihre IP-Adresse nicht mit anderen Daten verkn\u00fcpfen, \u00fcber die Google verf\u00fcgt. Sie k\u00f6nnen die Verwendung von Cookies durch entsprechende Einstellungen in Ihrem Browser verhindern. Beachten Sie jedoch in diesem Zusammenhang bitte, dass Sie dann m\u00f6glicherweise nicht mehr alle Funktionen dieser Website nutzen k\u00f6nnen. Zudem k\u00f6nnen Sie die Erfassung und Verwendung der Daten durch Google (Cookies und IP-Adresse) verhindern, indem Sie unter der folgenden URL einen Plug-in f\u00fcr Ihren Browser herunterladen und installieren: <a href=\"https:\/\/tools.google.com\/dlpage\/gaoptout?hl=en-GB.\" target=\"_blank\" rel=\"noopener\">https:\/\/tools.google.com\/dlpage\/gaoptout?hl=en-GB.<\/a><\/p>\n<\/div>\n<\/div>\n<\/div>\n<div class=\"page\" title=\"Page 2\">\n<div class=\"layoutArea\">\n<div class=\"column\">\u00dcber den folgenden Link k\u00f6nnen Sie die Verwendung von Google Analytics ablehnen. Dabei wird ein Opt-out-Cookie auf Ihrem Computer gesetzt, der verhindert, dass in Zukunft beim Besuch dieser Website Ihre Daten erfasst werden:<\/div>\n<\/div>\n<\/div>\n<\/div>\n<\/div>\n<div class=\"wpb_raw_code wpb_content_element wpb_raw_html\">\n<div class=\"wpb_wrapper\"><a>&nbsp; Click here to opt-out of Google Analytics<\/a><\/div>\n<\/div>\n<\/div>\n<\/div>\n<\/div>\n<div class=\"wpb_column vc_column_container vc_col-sm-12\">\n<div class=\"vc_column-inner vc_custom_1433761267237\">\n<div class=\"wpb_wrapper\">\n<div class=\"wpb_text_column wpb_content_element\">\n<div class=\"wpb_wrapper\">\n<p>Weitere Informationen zu den Nutzungsbedingungen und zum Datenschutz erhalten Sie unter: <a href=\"http:\/\/www.google.com\/analytics\/terms\/gb.html\" target=\"_blank\" rel=\"noopener\">http:\/\/www.google.com\/analytics\/terms\/gb.html <\/a>oder unter <a href=\"https:\/\/www.google.de\/intl\/en_uk\/policies\/\" target=\"_blank\" rel=\"noopener\">https:\/\/www.google.de\/intl\/en_uk\/policies\/<\/a>.<\/p>\n<\/div>\n<\/div>\n<\/div>\n<\/div>\n<\/div>\n<h2>Akismet<\/h2>\n<p>Wir sammeln Informationen \u00fcber Besucher, die Kommentare auf Websites, die unseren Akismet Anti-Spam Service benutzen, hinterlassen. Das Ausma\u00df an Informationen, die wir sammeln, h\u00e4ngt davon ab, wie der Benutzer seine Website einstellt hat. Normalerweise beinhalten diese Daten die IP-Adresse des Benutzers, den User Agent, Referrer und Website-URL (sowie den Informationen, die der Benutzer direkt eingegeben hat wie z.B. Namen, Benutzernamen, E-Mail-Adresse und den Kommentar selbst).<\/p>\n<h2>Mit wem wir deine Daten teilen<\/h2>\n<p>Unser CMS (&#8220;Wordpress&#8221;) teilt keinerlei personenbezogene Daten mit Dritten.<\/p>\n<h2>Wie lange wir deine Daten speichern<\/h2>\n<p>Wenn du einen Kommentar schreibst, wird dieser inklusive Metadaten zeitlich unbegrenzt gespeichert. Auf diese Art k\u00f6nnen wir Folgekommentare automatisch erkennen und freigeben, anstelle sie in einer Moderations-Warteschlange festzuhalten.<\/p>\n<p>F\u00fcr Benutzer, die sich auf unserer Website registrieren, speichern wir zus\u00e4tzlich die pers\u00f6nlichen Informationen, die sie in ihren Benutzerprofilen angeben. Alle Benutzer k\u00f6nnen jederzeit ihre pers\u00f6nlichen Informationen einsehen, ver\u00e4ndern oder l\u00f6schen (der Benutzername kann nicht ver\u00e4ndert werden). Administratoren der Website k\u00f6nnen diese Informationen ebenfalls einsehen und ver\u00e4ndern.<\/p>\n<h2>Welche Rechte du an deinen Daten hast<\/h2>\n<p>Wenn du ein Konto auf dieser Website besitzt oder Kommentare geschrieben hast, kannst du einen Export deiner personenbezogenen Daten bei uns anfordern, inklusive aller Daten, die du uns mitgeteilt hast. Dar\u00fcber hinaus kannst du die L\u00f6schung aller personenbezogenen Daten, die wir von dir gespeichert haben, anfordern. Dies umfasst nicht die Daten, die wir aufgrund administrativer, rechtlicher oder sicherheitsrelevanter Notwendigkeiten aufbewahren m\u00fcssen.<\/p>\n<h2>Wohin wir deine Daten senden<\/h2>\n<p>Besucher-Kommentare k\u00f6nnten von einem automatisierten Dienst zur Spam-Erkennung untersucht werden.<\/p>\n<h2>Deine Kontakt-Informationen<\/h2>\n<p>Benutze das <a href=\"https:\/\/gospelchor-bischofszell.ch\/wordpress\/kontakt\/\">Kontaktformular<\/a><\/p>\n<h3>&nbsp;<\/h3>\n","protected":false},"excerpt":{"rendered":"<p class=\"excerpt\">Wer wir sind Die Adresse unserer Website ist: https:\/\/gospelchor-bischofszell.ch\/wordpress. Welche personenbezogenen Daten wir sammeln und warum wir sie sammeln Unser CMS (&#8220;Wordpress&#8221;) sammelt keine personenbezogenen Daten \u00fcber Benutzer und sammelt nur die Daten, die im Profil eines registrierten Benutzers angezeigt werden Kommentare Wenn Besucher Kommentare auf der Website schreiben, sammeln wir die Daten, die im Kommentar-Formular angezeigt werden, au\u00dferdem die&hellip;<\/p>\n<p class=\"more-link-p\"><a class=\"btn btn-default\" href=\"https:\/\/gospelchor-bischofszell.ch\/wordpress\/ueber-uns\/datenschutzerklaerung\/\">Read more<\/a><\/p>\n","protected":false},"author":3,"featured_media":0,"parent":115,"menu_order":0,"comment_status":"closed","ping_status":"closed","template":"","meta":{"ngg_post_thumbnail":0,"jetpack_post_was_ever_published":false,"footnotes":""},"class_list":["post-1319","page","type-page","status-publish","hentry"],"jetpack_sharing_enabled":true,"jetpack_shortlink":"https:\/\/wp.me\/P5AJIn-lh","_links":{"self":[{"href":"https:\/\/gospelchor-bischofszell.ch\/wordpress\/wp-json\/wp\/v2\/pages\/1319","targetHints":{"allow":["GET"]}}],"collection":[{"href":"https:\/\/gospelchor-bischofszell.ch\/wordpress\/wp-json\/wp\/v2\/pages"}],"about":[{"href":"https:\/\/gospelchor-bischofszell.ch\/wordpress\/wp-json\/wp\/v2\/types\/page"}],"author":[{"embeddable":true,"href":"https:\/\/gospelchor-bischofszell.ch\/wordpress\/wp-json\/wp\/v2\/users\/3"}],"replies":[{"embeddable":true,"href":"https:\/\/gospelchor-bischofszell.ch\/wordpress\/wp-json\/wp\/v2\/comments?post=1319"}],"version-history":[{"count":8,"href":"https:\/\/gospelchor-bischofszell.ch\/wordpress\/wp-json\/wp\/v2\/pages\/1319\/revisions"}],"predecessor-version":[{"id":1751,"href":"https:\/\/gospelchor-bischofszell.ch\/wordpress\/wp-json\/wp\/v2\/pages\/1319\/revisions\/1751"}],"up":[{"embeddable":true,"href":"https:\/\/gospelchor-bischofszell.ch\/wordpress\/wp-json\/wp\/v2\/pages\/115"}],"wp:attachment":[{"href":"https:\/\/gospelchor-bischofszell.ch\/wordpress\/wp-json\/wp\/v2\/media?parent=1319"}],"curies":[{"name":"wp","href":"https:\/\/api.w.org\/{rel}","templated":true}]}}