{"id":39,"date":"2015-01-04T18:17:12","date_gmt":"2015-01-04T17:17:12","guid":{"rendered":"http:\/\/gospelchor-bischofszell.ch\/wordpress\/?page_id=39"},"modified":"2020-02-17T19:37:51","modified_gmt":"2020-02-17T18:37:51","slug":"galerien","status":"publish","type":"page","link":"https:\/\/gospelchor-bischofszell.ch\/wordpress\/galerien\/","title":{"rendered":"Galerien"},"content":{"rendered":"<p><strong>Gottesdienst Landschlacht 2020<\/strong><\/p>\nngg_shortcode_0_placeholder\n<p><strong>Gottesdienst Bischofszell 2017<br><\/strong><\/p>\nngg_shortcode_1_placeholder\n<p>&nbsp;<\/p>\n<p><strong>Gottesdienst Leutmerken 2017<br><\/strong><\/p>\nngg_shortcode_2_placeholder\n<p>&nbsp;<\/p>\n<p><strong>Vocal Coaching mit Johanna Jellici&nbsp; (<a href=\"http:\/\/vocalcoach-jellici.ch\/\">Link zu Ihrer Website<\/a>)<br><\/strong><\/p>\nngg_shortcode_3_placeholder\n<p>&nbsp;<\/p>\n<p><strong>Weihnachtsfeier Lista 2016<\/strong><\/p>\nngg_shortcode_4_placeholder\n<p>&nbsp;<\/p>\n<p><strong>Adventsmarkt Bischofszell 2016<\/strong><\/p>\nngg_shortcode_5_placeholder\n<p>&nbsp;<\/p>\n<p><strong>Hochzeit Laura &amp; Etienne 2016<\/strong><\/p>\nngg_shortcode_6_placeholder\n<p>&nbsp;<\/p>\n<p><strong>Gottesdienst Sch\u00f6nholzerswilen 2016<br><\/strong><\/p>\n<p><p>Invalid Displayed Gallery<\/p><\/p>\n<p>&nbsp;<\/p>\n<p><strong>Jubil\u00e4um<\/strong><strong>skonzert 10 Jahre Gospelchor, Zihlschlacht 2015<\/strong><\/p>\nngg_shortcode_7_placeholder\n<p>&nbsp;<\/p>\n<p><strong>Gottesdienst Zihlschlacht 2015<\/strong><\/p>\nngg_shortcode_8_placeholder\n<p>&nbsp;<\/p>\n<p><strong>Hochzeit Kapelle \u00d6tlishausen 2015<\/strong><\/p>\nngg_shortcode_9_placeholder\n<p>&nbsp;<\/p>\n<p><strong>Gottesdienst Neukirch 2015<\/strong><\/p>\nngg_shortcode_10_placeholder\n<p>&nbsp;<\/p>\n<p><strong>Adventsmarkt Bischofszell 2014<\/strong><\/p>\nngg_shortcode_11_placeholder\n<p>&nbsp;<\/p>\n<p><strong>Rosenwoche Bischofszell 2014<\/strong><\/p>\nngg_shortcode_12_placeholder\n<p>&nbsp;<\/p>\n\n\nngg_shortcode_13_placeholder\n","protected":false},"excerpt":{"rendered":"<p class=\"excerpt\">Gottesdienst Landschlacht 2020 Gottesdienst Bischofszell 2017 &nbsp; Gottesdienst Leutmerken 2017 &nbsp; Vocal Coaching mit Johanna Jellici&nbsp; (Link zu Ihrer Website) &nbsp; Weihnachtsfeier Lista 2016 &nbsp; Adventsmarkt Bischofszell 2016 &nbsp; Hochzeit Laura &amp; Etienne 2016 &nbsp; Gottesdienst Sch\u00f6nholzerswilen 2016 Invalid Displayed Gallery &nbsp; Jubil\u00e4umskonzert 10 Jahre Gospelchor, Zihlschlacht 2015 &nbsp; Gottesdienst Zihlschlacht 2015 &nbsp; Hochzeit Kapelle \u00d6tlishausen 2015 &nbsp; Gottesdienst Neukirch&hellip;<\/p>\n<p class=\"more-link-p\"><a class=\"btn btn-default\" href=\"https:\/\/gospelchor-bischofszell.ch\/wordpress\/galerien\/\">Read more<\/a><\/p>\n","protected":false},"author":3,"featured_media":0,"parent":0,"menu_order":0,"comment_status":"open","ping_status":"closed","template":"","meta":{"ngg_post_thumbnail":0,"jetpack_post_was_ever_published":false,"footnotes":""},"class_list":["post-39","page","type-page","status-publish","hentry"],"jetpack_sharing_enabled":true,"jetpack_shortlink":"https:\/\/wp.me\/P5AJIn-D","_links":{"self":[{"href":"https:\/\/gospelchor-bischofszell.ch\/wordpress\/wp-json\/wp\/v2\/pages\/39","targetHints":{"allow":["GET"]}}],"collection":[{"href":"https:\/\/gospelchor-bischofszell.ch\/wordpress\/wp-json\/wp\/v2\/pages"}],"about":[{"href":"https:\/\/gospelchor-bischofszell.ch\/wordpress\/wp-json\/wp\/v2\/types\/page"}],"author":[{"embeddable":true,"href":"https:\/\/gospelchor-bischofszell.ch\/wordpress\/wp-json\/wp\/v2\/users\/3"}],"replies":[{"embeddable":true,"href":"https:\/\/gospelchor-bischofszell.ch\/wordpress\/wp-json\/wp\/v2\/comments?post=39"}],"version-history":[{"count":46,"href":"https:\/\/gospelchor-bischofszell.ch\/wordpress\/wp-json\/wp\/v2\/pages\/39\/revisions"}],"predecessor-version":[{"id":1650,"href":"https:\/\/gospelchor-bischofszell.ch\/wordpress\/wp-json\/wp\/v2\/pages\/39\/revisions\/1650"}],"wp:attachment":[{"href":"https:\/\/gospelchor-bischofszell.ch\/wordpress\/wp-json\/wp\/v2\/media?parent=39"}],"curies":[{"name":"wp","href":"https:\/\/api.w.org\/{rel}","templated":true}]}}