{"id":48,"date":"2015-01-04T20:23:32","date_gmt":"2015-01-04T19:23:32","guid":{"rendered":"http:\/\/gospelchor-bischofszell.ch\/wordpress\/?page_id=48"},"modified":"2025-03-31T23:06:45","modified_gmt":"2025-03-31T21:06:45","slug":"kontakt","status":"publish","type":"page","link":"https:\/\/gospelchor-bischofszell.ch\/wordpress\/kontakt\/","title":{"rendered":"Kontakt"},"content":{"rendered":"<p>M\u00f6chten Sie uns f\u00fcr einen Anlass buchen? W\u00fcrden Sie gerne in unserem Chor mitsingen?<\/p>\n<p>Oder haben Sie sonst Fragen zu unserem Chor? Dann z\u00f6gern Sie nicht, mit uns Kontakt aufzunehmen<\/p>\n<p>&nbsp;<\/p>\n<p><strong>Buchungen\/Neumitglieder:<\/strong><\/p>\n<p>Bianca Haas<span class=\"auto-style3\"><br><\/span><a href=\"mailto:bianca@gospel-generation.ch\">bianca (at) gospel-generation.ch<\/a><\/p>\n<p>&nbsp;<\/p>\n<p><strong>Chorleitung\/Musikalische Leitung:<\/strong><\/p>\n<p>Carol Vladani:<span class=\"style9\"><br><\/span><span class=\"style9\"><a href=\"mailto:c.vladani@gospelchor-bischofszell.ch\">c.vladani (at) gospelchor-bischofszell.ch<\/a><\/span><\/p>\n<p>&nbsp;<\/p>\n<p><strong>Facebook<\/strong>: <a href=\"https:\/\/www.facebook.com\/pages\/Gospelchor-Bischofszell\/504631552980315\"><img data-recalc-dims=\"1\" decoding=\"async\" class=\"alignnone  wp-image-145\" src=\"https:\/\/i0.wp.com\/gospelchor-bischofszell.ch\/wordpress\/wp-content\/uploads\/2015\/01\/Social-Network-Facebook-icon1.png?resize=56%2C56&#038;ssl=1\" alt=\"Social-Network-Facebook-icon\" width=\"56\" height=\"56\" srcset=\"https:\/\/i0.wp.com\/gospelchor-bischofszell.ch\/wordpress\/wp-content\/uploads\/2015\/01\/Social-Network-Facebook-icon1.png?w=256&amp;ssl=1 256w, https:\/\/i0.wp.com\/gospelchor-bischofszell.ch\/wordpress\/wp-content\/uploads\/2015\/01\/Social-Network-Facebook-icon1.png?resize=150%2C150&amp;ssl=1 150w\" sizes=\"(max-width: 56px) 100vw, 56px\" \/><\/a><\/p>\n<p>&nbsp;<\/p>\n\n\n<p><\/p>\n","protected":false},"excerpt":{"rendered":"<p class=\"excerpt\">M\u00f6chten Sie uns f\u00fcr einen Anlass buchen? W\u00fcrden Sie gerne in unserem Chor mitsingen? Oder haben Sie sonst Fragen zu unserem Chor? Dann z\u00f6gern Sie nicht, mit uns Kontakt aufzunehmen &nbsp; Buchungen\/Neumitglieder: Bianca Haasbianca (at) gospel-generation.ch &nbsp; Chorleitung\/Musikalische Leitung: Carol Vladani:c.vladani (at) gospelchor-bischofszell.ch &nbsp; Facebook: &nbsp;<\/p>\n<p class=\"more-link-p\"><a class=\"btn btn-default\" href=\"https:\/\/gospelchor-bischofszell.ch\/wordpress\/kontakt\/\">Read more<\/a><\/p>\n","protected":false},"author":3,"featured_media":0,"parent":0,"menu_order":0,"comment_status":"open","ping_status":"closed","template":"","meta":{"ngg_post_thumbnail":0,"jetpack_post_was_ever_published":false,"footnotes":""},"class_list":["post-48","page","type-page","status-publish","hentry"],"jetpack_sharing_enabled":true,"jetpack_shortlink":"https:\/\/wp.me\/P5AJIn-M","_links":{"self":[{"href":"https:\/\/gospelchor-bischofszell.ch\/wordpress\/wp-json\/wp\/v2\/pages\/48","targetHints":{"allow":["GET"]}}],"collection":[{"href":"https:\/\/gospelchor-bischofszell.ch\/wordpress\/wp-json\/wp\/v2\/pages"}],"about":[{"href":"https:\/\/gospelchor-bischofszell.ch\/wordpress\/wp-json\/wp\/v2\/types\/page"}],"author":[{"embeddable":true,"href":"https:\/\/gospelchor-bischofszell.ch\/wordpress\/wp-json\/wp\/v2\/users\/3"}],"replies":[{"embeddable":true,"href":"https:\/\/gospelchor-bischofszell.ch\/wordpress\/wp-json\/wp\/v2\/comments?post=48"}],"version-history":[{"count":19,"href":"https:\/\/gospelchor-bischofszell.ch\/wordpress\/wp-json\/wp\/v2\/pages\/48\/revisions"}],"predecessor-version":[{"id":1886,"href":"https:\/\/gospelchor-bischofszell.ch\/wordpress\/wp-json\/wp\/v2\/pages\/48\/revisions\/1886"}],"wp:attachment":[{"href":"https:\/\/gospelchor-bischofszell.ch\/wordpress\/wp-json\/wp\/v2\/media?parent=48"}],"curies":[{"name":"wp","href":"https:\/\/api.w.org\/{rel}","templated":true}]}}